{"id":501,"date":"2023-08-15T14:53:37","date_gmt":"2023-08-15T18:53:37","guid":{"rendered":"https:\/\/www.logisduboisflotte.com\/?page_id=501"},"modified":"2026-03-17T16:14:40","modified_gmt":"2026-03-17T20:14:40","slug":"conditions-de-location","status":"publish","type":"page","link":"https:\/\/logisduboisflotte.com\/en\/conditions-de-location\/","title":{"rendered":"Rental conditions"},"content":{"rendered":"<p>[et_pb_section fb_built=\u00a0\u00bb1&Prime; admin_label=\u00a0\u00bbEn-t\u00eate\u00a0\u00bb _builder_version=\u00a0\u00bb4.27.4&Prime; _module_preset=\u00a0\u00bbdefault\u00a0\u00bb background_image=\u00a0\u00bbhttps:\/\/logisduboisflotte.com\/wp-content\/uploads\/2025\/03\/Header_Background_4817x3190-scaled.jpg\u00a0\u00bb custom_margin=\u00a0\u00bb||-6rem||false|false\u00a0\u00bb custom_padding=\u00a0\u00bb||0px||false|false\u00a0\u00bb hover_enabled=\u00a0\u00bb0&Prime; global_colors_info=\u00a0\u00bb{}\u00a0\u00bb title_text=\u00a0\u00bbHeader_Background_4817x3190&Prime; sticky_enabled=\u00a0\u00bb0&Prime;][et_pb_row column_structure=\u00a0\u00bb1_2,1_2&Prime; _builder_version=\u00a0\u00bb4.27.4&Prime; _module_preset=\u00a0\u00bbdefault\u00a0\u00bb custom_padding=\u00a0\u00bb||0px||false|false\u00a0\u00bb global_colors_info=\u00a0\u00bb{}\u00a0\u00bb][et_pb_column type=\u00a0\u00bb1_2&Prime; _builder_version=\u00a0\u00bb4.27.4&Prime; _module_preset=\u00a0\u00bbdefault\u00a0\u00bb global_colors_info=\u00a0\u00bb{}\u00a0\u00bb][et_pb_text _builder_version=\u00a0\u00bb4.27.4&Prime; _module_preset=\u00a0\u00bbdefault\u00a0\u00bb text_text_color=\u00a0\u00bb#FFFFFF\u00a0\u00bb global_colors_info=\u00a0\u00bb{}\u00a0\u00bb]<\/p>\n<h1>Conditions de location<\/h1>\n<p>[\/et_pb_text][\/et_pb_column][et_pb_column type=\u00a0\u00bb1_2&Prime; _builder_version=\u00a0\u00bb4.27.4&Prime; _module_preset=\u00a0\u00bbdefault\u00a0\u00bb global_colors_info=\u00a0\u00bb{}\u00a0\u00bb][et_pb_image src=\u00a0\u00bbhttps:\/\/staging.logisduboisflotte.com\/wp-content\/uploads\/2025\/03\/Header_Accueil_1620x2430.jpg\u00a0\u00bb title_text=\u00a0\u00bbHeader_Accueil_1620x2430&Prime; disabled_on=\u00a0\u00bbon|on|off\u00a0\u00bb admin_label=\u00a0\u00bbImage Desktop\u00a0\u00bb _builder_version=\u00a0\u00bb4.27.4&Prime; _module_preset=\u00a0\u00bbdefault\u00a0\u00bb global_colors_info=\u00a0\u00bb{}\u00a0\u00bb][\/et_pb_image][et_pb_image src=\u00a0\u00bbhttps:\/\/staging.logisduboisflotte.com\/wp-content\/uploads\/2025\/04\/Header_M_Accueil_1620x1620.jpg\u00a0\u00bb title_text=\u00a0\u00bbHeader_M_Accueil_1620x1620&Prime; disabled_on=\u00a0\u00bboff|off|on\u00a0\u00bb admin_label=\u00a0\u00bbImage Mobile\u00a0\u00bb _builder_version=\u00a0\u00bb4.27.4&Prime; _module_preset=\u00a0\u00bbdefault\u00a0\u00bb global_colors_info=\u00a0\u00bb{}\u00a0\u00bb][\/et_pb_image][\/et_pb_column][\/et_pb_row][\/et_pb_section][et_pb_section fb_built=\u00a0\u00bb1&Prime; admin_label=\u00a0\u00bbConditions\u00a0\u00bb _builder_version=\u00a0\u00bb4.27.4&Prime; _module_preset=\u00a0\u00bbdefault\u00a0\u00bb custom_padding=\u00a0\u00bb6rem||||false|false\u00a0\u00bb global_colors_info=\u00a0\u00bb{}\u00a0\u00bb][et_pb_row _builder_version=\u00a0\u00bb4.27.4&Prime; _module_preset=\u00a0\u00bbdefault\u00a0\u00bb global_colors_info=\u00a0\u00bb{}\u00a0\u00bb][et_pb_column type=\u00a0\u00bb4_4&Prime; _builder_version=\u00a0\u00bb4.27.4&Prime; _module_preset=\u00a0\u00bbdefault\u00a0\u00bb global_colors_info=\u00a0\u00bb{}\u00a0\u00bb][et_pb_text admin_label=\u00a0\u00bbTexte\u00a0\u00bb _builder_version=\u00a0\u00bb4.27.4&Prime; _module_preset=\u00a0\u00bbdefault\u00a0\u00bb global_colors_info=\u00a0\u00bb{}\u00a0\u00bb]<\/p>\n<p>Dans le souci de garder un environnement sain pour notre client\u00e8le, nos logements sont des endroits sans fum\u00e9e et sans animaux. Nous n\u2019acceptons pas les animaux \u00e0 l\u2019int\u00e9rieur, ni \u00e0 l\u2019ext\u00e9rieur des logements. Des frais de 1 000 $ seront factur\u00e9s s\u2019il y a eu pr\u00e9sence d\u2019un animal domestique.<\/p>\n<p>En r\u00e9servant au Logis du Bois Flott\u00e9, vous acceptez ces conditions.<\/p>\n<h2>Information sur les r\u00e9servations<\/h2>\n<p>Un d\u00e9p\u00f4t de 30% payable sur r\u00e9servation. La balance du paiement est payable 10 jours avant votre arriv\u00e9e.<\/p>\n<p>Un d\u00e9p\u00f4t de s\u00e9curit\u00e9 de 500 $ sera exig\u00e9 la journ\u00e9e avant votre arriv\u00e9e. Ce d\u00e9p\u00f4t vous sera remis int\u00e9gralement apr\u00e8s la v\u00e9rification des lieux, si aucun bris, dommage ou malpropret\u00e9 n\u2019a \u00e9t\u00e9 constat\u00e9, dans un d\u00e9lai de 5 jours apr\u00e8s votre d\u00e9part.<\/p>\n<p>Un minimum de 1 \u00e0 3 nuits est exig\u00e9 selon la saison.<\/p>\n<p>Des frais de 125 $ \u00e0 150 $ (selon le chalet) pour l\u2019entretien m\u00e9nager, les taxes d\u2019h\u00e9bergement, TPS et TVQ ne sont pas inclus dans le prix, mais seront ajout\u00e9s \u00e0 votre facture.<\/p>\n<h2>Politique d&rsquo;annulation<\/h2>\n<p><strong>Plus de 30 jours avant le d\u00e9but de votre s\u00e9jour<\/strong><\/p>\n<p>Votre d\u00e9p\u00f4t de 30% vous sera rembours\u00e9.<\/p>\n<p><strong>Entre 11 et 30 jours avant le d\u00e9but de votre s\u00e9jour<\/strong><\/p>\n<p>Votre 30% de d\u00e9p\u00f4t est non remboursable \u00e0 titre de d\u00e9dommagement, mais transf\u00e9rable sur une p\u00e9riode d\u2019un an.<\/p>\n<p><strong>10 jours et moins avant le d\u00e9but du s\u00e9jour<\/strong><\/p>\n<p>La totalit\u00e9 du montant est exig\u00e9e \u00e0 titre de d\u00e9dommagement.<\/p>\n<p>Les frais pr\u00e9lev\u00e9s par la plateforme de paiement Stripe au moment de la r\u00e9servation (\u00e9gal \u00e0 3% du montant de la r\u00e9servation) sont non remboursables en cas d&rsquo;annulation, quel que soit le d\u00e9lai.<\/p>\n<p>[\/et_pb_text][\/et_pb_column][\/et_pb_row][\/et_pb_section]<\/p>\n","protected":false},"excerpt":{"rendered":"<p>Conditions de locationDans le souci de garder un environnement sain pour notre client\u00e8le, nos logements sont des endroits sans fum\u00e9e et sans animaux. Nous n\u2019acceptons pas les animaux \u00e0 l\u2019int\u00e9rieur, ni \u00e0 l\u2019ext\u00e9rieur des logements. Des frais de 1 000 $ seront factur\u00e9s s\u2019il y a eu pr\u00e9sence d\u2019un animal domestique. En r\u00e9servant au Logis [&hellip;]<\/p>\n","protected":false},"author":1,"featured_media":2073,"parent":0,"menu_order":0,"comment_status":"closed","ping_status":"closed","template":"","meta":{"_et_pb_use_builder":"on","_et_pb_old_content":"<!-- wp:paragraph -->\r\n<p>Dans le souci de garder un environnement sain pour cotre client\u00e8le, nos logements sont des endroits <strong>sans fum\u00e9e et sans animaux<\/strong>. \u00a0\u00a0Nous n\u2019acceptons pas les animaux \u00e0 l\u2019int\u00e9rieur, ni \u00e0 l\u2019ext\u00e9rieur des logements.\u00a0 Des frais de 1000$ serons factur\u00e9s s\u2019il y a eu pr\u00e9sence d\u2019un animal domestique.<\/p>\r\n<!-- \/wp:paragraph -->\r\n\r\n<!-- wp:paragraph -->\r\n<p>En r\u00e9servant au Logis du Bois Flott\u00e9, vous acceptez ces conditions.<\/p>\r\n<!-- \/wp:paragraph -->\r\n\r\n<!-- wp:paragraph -->\r\n<p>INFORMATION SUR LES R\u00c9SERVATIONS<\/p>\r\n<!-- \/wp:paragraph -->\r\n\r\n<!-- wp:paragraph -->\r\n<p>Un d\u00e9p\u00f4t de 30% payable sur r\u00e9servation.\u00a0 La balance du paiement est payable 10 jours avant votre arriv\u00e9e.<\/p>\r\n<!-- \/wp:paragraph -->\r\n\r\n<!-- wp:paragraph -->\r\n<p>Un d\u00e9p\u00f4t de s\u00e9curit\u00e9 de 500$ sera exig\u00e9 la journ\u00e9e avant votre arriv\u00e9e.\u00a0 Ce d\u00e9p\u00f4t vous sera remis int\u00e9gralement apr\u00e8s la v\u00e9rification des lieux, si aucun bris, dommage ou malpropret\u00e9 n\u2019a \u00e9t\u00e9 constat\u00e9, dans un d\u00e9lai de 5 jours apr\u00e8s votre d\u00e9part.<\/p>\r\n<!-- \/wp:paragraph -->\r\n\r\n<!-- wp:paragraph -->\r\n<p>Un minimum de 2 \u00e0 3 nuits sont exig\u00e9es selon la saison.<\/p>\r\n<!-- \/wp:paragraph -->\r\n\r\n<!-- wp:paragraph -->\r\n<p>Des frais de 125$ pour l\u2019entretien m\u00e9nager, les taxes d\u2019h\u00e9bergement, TPS et TVQ ne sont pas incluses dans le prix, mais seront ajouter \u00e0 votre facture.<\/p>\r\n<!-- \/wp:paragraph -->\r\n\r\n<!-- wp:paragraph -->\r\n<p>POLITIQUE D\u2019ANNULATION<\/p>\r\n<!-- \/wp:paragraph -->\r\n\r\n<!-- wp:paragraph -->\r\n<p><strong>Plus de 30 jours avant le d\u00e9but de votre s\u00e9jour<\/strong><\/p>\r\n<!-- \/wp:paragraph -->\r\n\r\n<!-- wp:paragraph -->\r\n<p>Votre d\u00e9p\u00f4t de 30% vous sera rembourser.<\/p>\r\n<!-- \/wp:paragraph -->\r\n\r\n<!-- wp:paragraph -->\r\n<p><strong>Entre 11 et 30 jours avant le d\u00e9but de votre s\u00e9jour<\/strong><\/p>\r\n<!-- \/wp:paragraph -->\r\n\r\n<!-- wp:paragraph -->\r\n<p>Votre 30% de d\u00e9p\u00f4t est non remboursable \u00e0 titre de d\u00e9dommagement, mais transf\u00e9rable sur une p\u00e9riode d\u2019un an.<\/p>\r\n<!-- \/wp:paragraph -->\r\n\r\n<!-- wp:paragraph -->\r\n<p><strong>De 10 jours et moins avant le d\u00e9but du s\u00e9jour<\/strong><\/p>\r\n<!-- \/wp:paragraph -->\r\n\r\n<!-- wp:paragraph -->\r\n<p>La totalit\u00e9 du montant est exig\u00e9 \u00e0 titre de d\u00e9dommagement.<\/p>\r\n<!-- \/wp:paragraph -->","_et_gb_content_width":"","footnotes":""},"class_list":["post-501","page","type-page","status-publish","has-post-thumbnail","hentry"],"yoast_head":"<!-- This site is optimized with the Yoast SEO plugin v27.2 - https:\/\/yoast.com\/product\/yoast-seo-wordpress\/ -->\n<title>Conditions de location - Logis du Bois Flott\u00e9<\/title>\n<meta name=\"description\" content=\"Consultez nos conditions de location et politique d&#039;annulation pour r\u00e9server un des chalets au Logis du Bois flott\u00e9.\" \/>\n<meta name=\"robots\" content=\"index, follow, max-snippet:-1, max-image-preview:large, max-video-preview:-1\" \/>\n<link rel=\"canonical\" href=\"https:\/\/logisduboisflotte.com\/en\/conditions-de-location\/\" \/>\n<meta property=\"og:locale\" content=\"en_US\" \/>\n<meta property=\"og:type\" content=\"article\" \/>\n<meta property=\"og:title\" content=\"Conditions de location - Logis du Bois Flott\u00e9\" \/>\n<meta property=\"og:description\" content=\"Consultez nos conditions de location et politique d&#039;annulation pour r\u00e9server un des chalets au Logis du Bois flott\u00e9.\" \/>\n<meta property=\"og:url\" content=\"https:\/\/logisduboisflotte.com\/en\/conditions-de-location\/\" \/>\n<meta property=\"og:site_name\" content=\"Logis du Bois Flott\u00e9\" \/>\n<meta property=\"article:modified_time\" content=\"2026-03-17T20:14:40+00:00\" \/>\n<meta property=\"og:image\" content=\"https:\/\/logisduboisflotte.com\/wp-content\/uploads\/2025\/05\/LBF_OpenGraph_Accueil_1200x630.jpg\" \/>\n\t<meta property=\"og:image:width\" content=\"1200\" \/>\n\t<meta property=\"og:image:height\" content=\"630\" \/>\n\t<meta property=\"og:image:type\" content=\"image\/jpeg\" \/>\n<meta name=\"twitter:card\" content=\"summary_large_image\" \/>\n<meta name=\"twitter:label1\" content=\"Est. reading time\" \/>\n\t<meta name=\"twitter:data1\" content=\"2 minutes\" \/>\n<script type=\"application\/ld+json\" class=\"yoast-schema-graph\">{\"@context\":\"https:\/\/schema.org\",\"@graph\":[{\"@type\":\"WebPage\",\"@id\":\"https:\/\/logisduboisflotte.com\/conditions-de-location\/\",\"url\":\"https:\/\/logisduboisflotte.com\/conditions-de-location\/\",\"name\":\"Conditions de location - Logis du Bois Flott\u00e9\",\"isPartOf\":{\"@id\":\"https:\/\/logisduboisflotte.com\/en\/#website\"},\"primaryImageOfPage\":{\"@id\":\"https:\/\/logisduboisflotte.com\/conditions-de-location\/#primaryimage\"},\"image\":{\"@id\":\"https:\/\/logisduboisflotte.com\/conditions-de-location\/#primaryimage\"},\"thumbnailUrl\":\"https:\/\/logisduboisflotte.com\/wp-content\/uploads\/2025\/05\/LBF_OpenGraph_Accueil_1200x630.jpg\",\"datePublished\":\"2023-08-15T18:53:37+00:00\",\"dateModified\":\"2026-03-17T20:14:40+00:00\",\"description\":\"Consultez nos conditions de location et politique d'annulation pour r\u00e9server un des chalets au Logis du Bois flott\u00e9.\",\"breadcrumb\":{\"@id\":\"https:\/\/logisduboisflotte.com\/conditions-de-location\/#breadcrumb\"},\"inLanguage\":\"en-CA\",\"potentialAction\":[{\"@type\":\"ReadAction\",\"target\":[\"https:\/\/logisduboisflotte.com\/conditions-de-location\/\"]}]},{\"@type\":\"ImageObject\",\"inLanguage\":\"en-CA\",\"@id\":\"https:\/\/logisduboisflotte.com\/conditions-de-location\/#primaryimage\",\"url\":\"https:\/\/logisduboisflotte.com\/wp-content\/uploads\/2025\/05\/LBF_OpenGraph_Accueil_1200x630.jpg\",\"contentUrl\":\"https:\/\/logisduboisflotte.com\/wp-content\/uploads\/2025\/05\/LBF_OpenGraph_Accueil_1200x630.jpg\",\"width\":1200,\"height\":630},{\"@type\":\"BreadcrumbList\",\"@id\":\"https:\/\/logisduboisflotte.com\/conditions-de-location\/#breadcrumb\",\"itemListElement\":[{\"@type\":\"ListItem\",\"position\":1,\"name\":\"Accueil\",\"item\":\"https:\/\/logisduboisflotte.com\/\"},{\"@type\":\"ListItem\",\"position\":2,\"name\":\"Conditions de location\"}]},{\"@type\":\"WebSite\",\"@id\":\"https:\/\/logisduboisflotte.com\/en\/#website\",\"url\":\"https:\/\/logisduboisflotte.com\/en\/\",\"name\":\"Logis du Bois Flott\u00e9\",\"description\":\"\",\"potentialAction\":[{\"@type\":\"SearchAction\",\"target\":{\"@type\":\"EntryPoint\",\"urlTemplate\":\"https:\/\/logisduboisflotte.com\/en\/?s={search_term_string}\"},\"query-input\":{\"@type\":\"PropertyValueSpecification\",\"valueRequired\":true,\"valueName\":\"search_term_string\"}}],\"inLanguage\":\"en-CA\"}]}<\/script>\n<!-- \/ Yoast SEO plugin. -->","yoast_head_json":{"title":"Conditions de location - Logis du Bois Flott\u00e9","description":"Consultez nos conditions de location et politique d'annulation pour r\u00e9server un des chalets au Logis du Bois flott\u00e9.","robots":{"index":"index","follow":"follow","max-snippet":"max-snippet:-1","max-image-preview":"max-image-preview:large","max-video-preview":"max-video-preview:-1"},"canonical":"https:\/\/logisduboisflotte.com\/en\/conditions-de-location\/","og_locale":"en_US","og_type":"article","og_title":"Conditions de location - Logis du Bois Flott\u00e9","og_description":"Consultez nos conditions de location et politique d'annulation pour r\u00e9server un des chalets au Logis du Bois flott\u00e9.","og_url":"https:\/\/logisduboisflotte.com\/en\/conditions-de-location\/","og_site_name":"Logis du Bois Flott\u00e9","article_modified_time":"2026-03-17T20:14:40+00:00","og_image":[{"width":1200,"height":630,"url":"https:\/\/logisduboisflotte.com\/wp-content\/uploads\/2025\/05\/LBF_OpenGraph_Accueil_1200x630.jpg","type":"image\/jpeg"}],"twitter_card":"summary_large_image","twitter_misc":{"Est. reading time":"2 minutes"},"schema":{"@context":"https:\/\/schema.org","@graph":[{"@type":"WebPage","@id":"https:\/\/logisduboisflotte.com\/conditions-de-location\/","url":"https:\/\/logisduboisflotte.com\/conditions-de-location\/","name":"Conditions de location - Logis du Bois Flott\u00e9","isPartOf":{"@id":"https:\/\/logisduboisflotte.com\/en\/#website"},"primaryImageOfPage":{"@id":"https:\/\/logisduboisflotte.com\/conditions-de-location\/#primaryimage"},"image":{"@id":"https:\/\/logisduboisflotte.com\/conditions-de-location\/#primaryimage"},"thumbnailUrl":"https:\/\/logisduboisflotte.com\/wp-content\/uploads\/2025\/05\/LBF_OpenGraph_Accueil_1200x630.jpg","datePublished":"2023-08-15T18:53:37+00:00","dateModified":"2026-03-17T20:14:40+00:00","description":"Consultez nos conditions de location et politique d'annulation pour r\u00e9server un des chalets au Logis du Bois flott\u00e9.","breadcrumb":{"@id":"https:\/\/logisduboisflotte.com\/conditions-de-location\/#breadcrumb"},"inLanguage":"en-CA","potentialAction":[{"@type":"ReadAction","target":["https:\/\/logisduboisflotte.com\/conditions-de-location\/"]}]},{"@type":"ImageObject","inLanguage":"en-CA","@id":"https:\/\/logisduboisflotte.com\/conditions-de-location\/#primaryimage","url":"https:\/\/logisduboisflotte.com\/wp-content\/uploads\/2025\/05\/LBF_OpenGraph_Accueil_1200x630.jpg","contentUrl":"https:\/\/logisduboisflotte.com\/wp-content\/uploads\/2025\/05\/LBF_OpenGraph_Accueil_1200x630.jpg","width":1200,"height":630},{"@type":"BreadcrumbList","@id":"https:\/\/logisduboisflotte.com\/conditions-de-location\/#breadcrumb","itemListElement":[{"@type":"ListItem","position":1,"name":"Accueil","item":"https:\/\/logisduboisflotte.com\/"},{"@type":"ListItem","position":2,"name":"Conditions de location"}]},{"@type":"WebSite","@id":"https:\/\/logisduboisflotte.com\/en\/#website","url":"https:\/\/logisduboisflotte.com\/en\/","name":"Logis du Bois Flott\u00e9","description":"","potentialAction":[{"@type":"SearchAction","target":{"@type":"EntryPoint","urlTemplate":"https:\/\/logisduboisflotte.com\/en\/?s={search_term_string}"},"query-input":{"@type":"PropertyValueSpecification","valueRequired":true,"valueName":"search_term_string"}}],"inLanguage":"en-CA"}]}},"_links":{"self":[{"href":"https:\/\/logisduboisflotte.com\/en\/wp-json\/wp\/v2\/pages\/501","targetHints":{"allow":["GET"]}}],"collection":[{"href":"https:\/\/logisduboisflotte.com\/en\/wp-json\/wp\/v2\/pages"}],"about":[{"href":"https:\/\/logisduboisflotte.com\/en\/wp-json\/wp\/v2\/types\/page"}],"author":[{"embeddable":true,"href":"https:\/\/logisduboisflotte.com\/en\/wp-json\/wp\/v2\/users\/1"}],"replies":[{"embeddable":true,"href":"https:\/\/logisduboisflotte.com\/en\/wp-json\/wp\/v2\/comments?post=501"}],"version-history":[{"count":1,"href":"https:\/\/logisduboisflotte.com\/en\/wp-json\/wp\/v2\/pages\/501\/revisions"}],"predecessor-version":[{"id":2281,"href":"https:\/\/logisduboisflotte.com\/en\/wp-json\/wp\/v2\/pages\/501\/revisions\/2281"}],"wp:featuredmedia":[{"embeddable":true,"href":"https:\/\/logisduboisflotte.com\/en\/wp-json\/wp\/v2\/media\/2073"}],"wp:attachment":[{"href":"https:\/\/logisduboisflotte.com\/en\/wp-json\/wp\/v2\/media?parent=501"}],"curies":[{"name":"wp","href":"https:\/\/api.w.org\/{rel}","templated":true}]}}